{"id":144,"date":"2024-04-30T14:09:47","date_gmt":"2024-04-30T12:09:47","guid":{"rendered":"https:\/\/lort-peintures.fr\/?page_id=144"},"modified":"2024-05-05T18:19:10","modified_gmt":"2024-05-05T16:19:10","slug":"mentions-legales","status":"publish","type":"page","link":"https:\/\/creation-webi.fr\/carreleur\/mentions-legales\/","title":{"rendered":"Mentions l\u00e9gales"},"content":{"rendered":"<p>[et_pb_section fb_built=&#8221;1&#8243; _builder_version=&#8221;4.25.0&#8243; _module_preset=&#8221;default&#8221; custom_margin=&#8221;50px||80px||false|false&#8221; custom_margin_tablet=&#8221;50px||80px||false|false&#8221; custom_margin_phone=&#8221;10px||50px||false|false&#8221; custom_margin_last_edited=&#8221;on|phone&#8221; global_colors_info=&#8221;{}&#8221;][et_pb_row _builder_version=&#8221;4.24.2&#8243; _module_preset=&#8221;default&#8221; global_colors_info=&#8221;{}&#8221;][et_pb_column type=&#8221;4_4&#8243; _builder_version=&#8221;4.24.2&#8243; _module_preset=&#8221;default&#8221; global_colors_info=&#8221;{}&#8221;][et_pb_text _builder_version=&#8221;4.25.0&#8243; _module_preset=&#8221;default&#8221; text_text_color=&#8221;gcid-f3b23ee9-d5e2-4bc8-b66a-e8ca540ba0a5&#8243; text_font_size=&#8221;16px&#8221; link_font=&#8221;|700||||||#000000|&#8221; link_text_color=&#8221;gcid-77e0fda7-43da-4765-84d8-39c453006c39&#8243; hover_enabled=&#8221;0&#8243; text_font_size_tablet=&#8221;16px&#8221; text_font_size_phone=&#8221;16px&#8221; text_font_size_last_edited=&#8221;on|desktop&#8221; global_colors_info=&#8221;{%22gcid-77e0fda7-43da-4765-84d8-39c453006c39%22:%91%22link_text_color%22%93,%22gcid-f3b23ee9-d5e2-4bc8-b66a-e8ca540ba0a5%22:%91%22text_text_color%22%93}&#8221; sticky_enabled=&#8221;0&#8243;]<\/p>\n<p><strong>Propri\u00e9taire du site :<\/strong><\/p>\n<p>Raison sociale : GK PEINTURE 13<br \/>Adresse : 7 RUE YANN DE L&#8217;ECOTAIS 13009 MARSEILLE<br \/>T\u00e9l\u00e9phone : 06 69 94 49 50<br \/>E-mail : <span>kevinborriello77@gmail.com<\/span><\/p>\n<p><strong>Statut juridique :<\/strong><\/p>\n<p>Forme juridique : SARL unipersonnelle<br \/>Num\u00e9ro SIRET : 912 745 775 00011<\/p>\n<p><strong>Directeur de la publication :<\/strong><\/p>\n<p><a href=\"https:\/\/www.linkedin.com\/in\/marc-seker\/\">Marc SEKER<\/a><\/p>\n<p><strong>H\u00e9bergeur :<\/strong><\/p>\n<p>Le site est he\u0301berge\u0301 par HOSTINGER, dont le sie\u0300ge social est situe\u0301 HOSTINGER INTERNATIONAL LTD, 61 Lordou Vironos Street, 6023 Larnaca, Chypre, joignable par le moyen suivant : <a href=\"https:\/\/www.hostinger.fr\/contact\">https:\/\/www.hostinger.fr\/contact<\/a>.<\/p>\n<p>[\/et_pb_text][\/et_pb_column][\/et_pb_row][\/et_pb_section]<\/p>\n","protected":false},"excerpt":{"rendered":"<p>Propri\u00e9taire du site : Raison sociale : GK PEINTURE 13Adresse : 7 RUE YANN DE L&#8217;ECOTAIS 13009 MARSEILLET\u00e9l\u00e9phone : 06 69 94 49 50E-mail : kevinborriello77@gmail.com Statut juridique : Forme juridique : SARL unipersonnelleNum\u00e9ro SIRET : 912 745 775 00011 Directeur de la publication : Marc SEKER H\u00e9bergeur : Le site est he\u0301berge\u0301 par HOSTINGER, [&hellip;]<\/p>\n","protected":false},"author":1,"featured_media":0,"parent":0,"menu_order":0,"comment_status":"closed","ping_status":"closed","template":"","meta":{"_et_pb_use_builder":"on","_et_pb_old_content":"","_et_gb_content_width":"","footnotes":""},"_links":{"self":[{"href":"https:\/\/creation-webi.fr\/carreleur\/wp-json\/wp\/v2\/pages\/144"}],"collection":[{"href":"https:\/\/creation-webi.fr\/carreleur\/wp-json\/wp\/v2\/pages"}],"about":[{"href":"https:\/\/creation-webi.fr\/carreleur\/wp-json\/wp\/v2\/types\/page"}],"author":[{"embeddable":true,"href":"https:\/\/creation-webi.fr\/carreleur\/wp-json\/wp\/v2\/users\/1"}],"replies":[{"embeddable":true,"href":"https:\/\/creation-webi.fr\/carreleur\/wp-json\/wp\/v2\/comments?post=144"}],"version-history":[{"count":6,"href":"https:\/\/creation-webi.fr\/carreleur\/wp-json\/wp\/v2\/pages\/144\/revisions"}],"predecessor-version":[{"id":987552853,"href":"https:\/\/creation-webi.fr\/carreleur\/wp-json\/wp\/v2\/pages\/144\/revisions\/987552853"}],"wp:attachment":[{"href":"https:\/\/creation-webi.fr\/carreleur\/wp-json\/wp\/v2\/media?parent=144"}],"curies":[{"name":"wp","href":"https:\/\/api.w.org\/{rel}","templated":true}]}}